{"id":1109,"date":"2025-01-21T16:30:19","date_gmt":"2025-01-21T16:30:19","guid":{"rendered":"https:\/\/spvggzangberg.de\/?page_id=1109"},"modified":"2025-01-21T16:58:01","modified_gmt":"2025-01-21T16:58:01","slug":"shop","status":"publish","type":"page","link":"https:\/\/spvggzangberg.de\/?page_id=1109","title":{"rendered":"Shop"},"content":{"rendered":"\n<p class=\"has-text-align-center has-luminous-vivid-amber-background-color has-background\">N\u00e4turlich kannst du dir auch die passende Sportbekleidung deines Lieblingsvereins bestellen. Unser Partner ist hier Sport Sch\u00e4ftlmaier in Waldkraiburg.<\/p>\n\n\n<div class=\"wp-block-image\">\n<figure class=\"aligncenter size-full\"><a href=\"https:\/\/www.sport-schaeftlmaier.de\/vereine\/spvgg-zangberg\/\" target=\"_blank\" rel=\"noreferrer noopener\"><img loading=\"lazy\" decoding=\"async\" width=\"235\" height=\"135\" src=\"https:\/\/spvggzangberg.de\/wp-content\/uploads\/2025\/01\/Sport_Schaeftlmaier.jpg\" alt=\"\" class=\"wp-image-1110\"\/><\/a><\/figure><\/div>\n\n\n<p class=\"has-text-align-center has-luminous-vivid-amber-background-color has-background\">Ab 10 Kleidungsst\u00fccken ist auch die Beschriftung bei Kallus in Zangberg m\u00f6glich.<\/p>\n\n\n<div class=\"wp-block-image\">\n<figure class=\"aligncenter size-full\"><a href=\"https:\/\/kallus-textilveredelung.de\/\" target=\"_blank\" rel=\"noreferrer noopener\"><img loading=\"lazy\" decoding=\"async\" width=\"247\" height=\"153\" src=\"https:\/\/spvggzangberg.de\/wp-content\/uploads\/2025\/01\/Kallus_Shop.jpg\" alt=\"\" class=\"wp-image-1120\"\/><\/a><\/figure><\/div>","protected":false},"excerpt":{"rendered":"<p>N\u00e4turlich kannst du dir auch die passende Sportbekleidung deines Lieblingsvereins bestellen. Unser Partner ist hier Sport Sch\u00e4ftlmaier in Waldkraiburg. Ab 10 Kleidungsst\u00fccken ist auch die Beschriftung bei Kallus in Zangberg m\u00f6glich.<\/p>\n","protected":false},"author":1,"featured_media":0,"parent":0,"menu_order":0,"comment_status":"closed","ping_status":"closed","template":"","meta":{"footnotes":""},"class_list":["post-1109","page","type-page","status-publish","hentry"],"_links":{"self":[{"href":"https:\/\/spvggzangberg.de\/index.php?rest_route=\/wp\/v2\/pages\/1109","targetHints":{"allow":["GET"]}}],"collection":[{"href":"https:\/\/spvggzangberg.de\/index.php?rest_route=\/wp\/v2\/pages"}],"about":[{"href":"https:\/\/spvggzangberg.de\/index.php?rest_route=\/wp\/v2\/types\/page"}],"author":[{"embeddable":true,"href":"https:\/\/spvggzangberg.de\/index.php?rest_route=\/wp\/v2\/users\/1"}],"replies":[{"embeddable":true,"href":"https:\/\/spvggzangberg.de\/index.php?rest_route=%2Fwp%2Fv2%2Fcomments&post=1109"}],"version-history":[{"count":6,"href":"https:\/\/spvggzangberg.de\/index.php?rest_route=\/wp\/v2\/pages\/1109\/revisions"}],"predecessor-version":[{"id":1124,"href":"https:\/\/spvggzangberg.de\/index.php?rest_route=\/wp\/v2\/pages\/1109\/revisions\/1124"}],"wp:attachment":[{"href":"https:\/\/spvggzangberg.de\/index.php?rest_route=%2Fwp%2Fv2%2Fmedia&parent=1109"}],"curies":[{"name":"wp","href":"https:\/\/api.w.org\/{rel}","templated":true}]}}