{"id":275,"date":"2023-12-04T14:26:17","date_gmt":"2023-12-04T14:26:17","guid":{"rendered":"https:\/\/spvggzangberg.de\/cg_wp_84539\/?page_id=275"},"modified":"2025-05-04T16:33:43","modified_gmt":"2025-05-04T16:33:43","slug":"mitglied-werden","status":"publish","type":"page","link":"https:\/\/spvggzangberg.de\/?page_id=275","title":{"rendered":"Mitglied werden!"},"content":{"rendered":"\n<h2 class=\"wp-block-heading\">Du m\u00f6chtest auch aktiv werden? Dann melde dich bei uns an!<\/h2>\n\n\n\n<div data-wp-interactive=\"core\/file\" class=\"wp-block-file\"><object data-wp-bind--hidden=\"!state.hasPdfPreview\" hidden class=\"wp-block-file__embed\" data=\"https:\/\/spvggzangberg.de\/wp-content\/uploads\/2023\/12\/SpVggZangberg_Beitrittserklaerung_SEPA_Datenschutz_2023_Form.pdf\" type=\"application\/pdf\" style=\"width:100%;height:600px\" aria-label=\"Einbettung von SpVggZangberg_Beitrittserklaerung_SEPA_Datenschutz_2023_Form.\"><\/object><a id=\"wp-block-file--media-4301e7ec-fb60-45d6-a37d-f66b02abe991\" href=\"https:\/\/spvggzangberg.de\/wp-content\/uploads\/2023\/12\/SpVggZangberg_Beitrittserklaerung_SEPA_Datenschutz_2023_Form.pdf\">SpVggZangberg_Beitrittserklaerung_SEPA_Datenschutz_2023_Form<\/a><a href=\"https:\/\/spvggzangberg.de\/wp-content\/uploads\/2023\/12\/SpVggZangberg_Beitrittserklaerung_SEPA_Datenschutz_2023_Form.pdf\" class=\"wp-block-file__button wp-element-button\" download aria-describedby=\"wp-block-file--media-4301e7ec-fb60-45d6-a37d-f66b02abe991\">Herunterladen<\/a><\/div>\n\n\n<p>Einfach herunterladen, ausf\u00fcllen und an uns zur\u00fcck senden -&gt; !<\/p>\n\n\n<h2 class=\"wp-block-heading\">Beitr\u00e4ge pro Jahr<\/h2>\n\n\n\n<figure class=\"wp-block-table\"><table><tbody><tr><td>Kinder<\/td><td>Jugendliche <br>ab 14 Jahren<\/td><td>Erwachsene<\/td><td>Familie<\/td><\/tr><tr><td>12 Euro<\/td><td>25 Euro<\/td><td>50 Euro<\/td><td>100 Euro<\/td><\/tr><\/tbody><\/table><\/figure>\n\n\n\n<p><\/p>\n\n\n\n<figure class=\"wp-block-table\"><table class=\"has-vivid-red-color has-text-color has-link-color\"><tbody><tr><td class=\"has-text-align-center\" data-align=\"center\">Die K\u00fcndigungsfrist betr\u00e4gt 6 Wochen vor Jahresende.<\/td><\/tr><tr><td class=\"has-text-align-center\" data-align=\"center\"><strong>Sollte sich dein Konto \u00e4ndern melde dich bitte bei uns! Damit k\u00f6nnen wir unn\u00f6tige Bankgeb\u00fchren vermeiden. Vielen Dank!<\/strong><\/td><\/tr><\/tbody><\/table><\/figure>\n\n\n\n<p>Antr\u00e4ge und Konto\u00e4nderungen und K\u00fcndigungen k\u00f6nnen gern an unsere Schriftf\u00fchrerin <a href=\"mailto:Bianca.Ruprecht@web.de\">Bianca Ruprecht<\/a> gesendet werden.<\/p>\n","protected":false},"excerpt":{"rendered":"<p>Du m\u00f6chtest auch aktiv werden? Dann melde dich bei uns an! Einfach herunterladen, ausf\u00fcllen und an uns zur\u00fcck senden -&gt; ! Beitr\u00e4ge pro Jahr Kinder Jugendliche ab 14 Jahren Erwachsene Familie 12 Euro 25 Euro 50 Euro 100 Euro Die K\u00fcndigungsfrist betr\u00e4gt 6 Wochen vor Jahresende. Sollte sich dein Konto \u00e4ndern melde dich bitte bei [&hellip;]<\/p>\n","protected":false},"author":1,"featured_media":0,"parent":0,"menu_order":0,"comment_status":"closed","ping_status":"closed","template":"","meta":{"footnotes":""},"class_list":["post-275","page","type-page","status-publish","hentry"],"_links":{"self":[{"href":"https:\/\/spvggzangberg.de\/index.php?rest_route=\/wp\/v2\/pages\/275","targetHints":{"allow":["GET"]}}],"collection":[{"href":"https:\/\/spvggzangberg.de\/index.php?rest_route=\/wp\/v2\/pages"}],"about":[{"href":"https:\/\/spvggzangberg.de\/index.php?rest_route=\/wp\/v2\/types\/page"}],"author":[{"embeddable":true,"href":"https:\/\/spvggzangberg.de\/index.php?rest_route=\/wp\/v2\/users\/1"}],"replies":[{"embeddable":true,"href":"https:\/\/spvggzangberg.de\/index.php?rest_route=%2Fwp%2Fv2%2Fcomments&post=275"}],"version-history":[{"count":7,"href":"https:\/\/spvggzangberg.de\/index.php?rest_route=\/wp\/v2\/pages\/275\/revisions"}],"predecessor-version":[{"id":1263,"href":"https:\/\/spvggzangberg.de\/index.php?rest_route=\/wp\/v2\/pages\/275\/revisions\/1263"}],"wp:attachment":[{"href":"https:\/\/spvggzangberg.de\/index.php?rest_route=%2Fwp%2Fv2%2Fmedia&parent=275"}],"curies":[{"name":"wp","href":"https:\/\/api.w.org\/{rel}","templated":true}]}}