{"id":57,"date":"2023-11-28T08:22:43","date_gmt":"2023-11-28T08:22:43","guid":{"rendered":"https:\/\/spvggzangberg.de\/cg_wp_84539\/?page_id=57"},"modified":"2024-04-21T05:51:19","modified_gmt":"2024-04-21T05:51:19","slug":"kontakt","status":"publish","type":"page","link":"https:\/\/spvggzangberg.de\/?page_id=57","title":{"rendered":"Kontakt"},"content":{"rendered":"\n<figure class=\"wp-block-table\"><table class=\"has-vivid-red-color has-text-color has-link-color\"><tbody><tr><td class=\"has-text-align-center\" data-align=\"center\">Die K\u00fcndigungsfrist betr\u00e4gt 6 Wochen vor Jahresende.<\/td><\/tr><tr><td class=\"has-text-align-center\" data-align=\"center\"><strong>Sollte sich dein Konto \u00e4ndern melde dich bitte bei uns! Damit k\u00f6nnen wir unn\u00f6tige Bankgeb\u00fchren vermeiden. Vielen Dank!<\/strong><\/td><\/tr><\/tbody><\/table><\/figure>\n\n\n\n<p>Antr\u00e4ge und Konto\u00e4nderungen und K\u00fcndigungen k\u00f6nnnen gern an unsere Schriftf\u00fchrerin <a href=\"mailto:Bianca.Ruprecht@web.de\">Bianca Ruprecht<\/a> oder unsere Kassiererin <a href=\"mailto:Beate_Rauscheder@web.de\">Beate Rauscheder<\/a> gesendet werden.<\/p>\n","protected":false},"excerpt":{"rendered":"<p>Die K\u00fcndigungsfrist betr\u00e4gt 6 Wochen vor Jahresende. Sollte sich dein Konto \u00e4ndern melde dich bitte bei uns! Damit k\u00f6nnen wir unn\u00f6tige Bankgeb\u00fchren vermeiden. Vielen Dank! Antr\u00e4ge und Konto\u00e4nderungen und K\u00fcndigungen k\u00f6nnnen gern an unsere Schriftf\u00fchrerin Bianca Ruprecht oder unsere Kassiererin Beate Rauscheder gesendet werden.<\/p>\n","protected":false},"author":1,"featured_media":0,"parent":0,"menu_order":0,"comment_status":"closed","ping_status":"closed","template":"page-template\/contact.php","meta":{"footnotes":""},"class_list":["post-57","page","type-page","status-publish","hentry"],"_links":{"self":[{"href":"https:\/\/spvggzangberg.de\/index.php?rest_route=\/wp\/v2\/pages\/57","targetHints":{"allow":["GET"]}}],"collection":[{"href":"https:\/\/spvggzangberg.de\/index.php?rest_route=\/wp\/v2\/pages"}],"about":[{"href":"https:\/\/spvggzangberg.de\/index.php?rest_route=\/wp\/v2\/types\/page"}],"author":[{"embeddable":true,"href":"https:\/\/spvggzangberg.de\/index.php?rest_route=\/wp\/v2\/users\/1"}],"replies":[{"embeddable":true,"href":"https:\/\/spvggzangberg.de\/index.php?rest_route=%2Fwp%2Fv2%2Fcomments&post=57"}],"version-history":[{"count":4,"href":"https:\/\/spvggzangberg.de\/index.php?rest_route=\/wp\/v2\/pages\/57\/revisions"}],"predecessor-version":[{"id":605,"href":"https:\/\/spvggzangberg.de\/index.php?rest_route=\/wp\/v2\/pages\/57\/revisions\/605"}],"wp:attachment":[{"href":"https:\/\/spvggzangberg.de\/index.php?rest_route=%2Fwp%2Fv2%2Fmedia&parent=57"}],"curies":[{"name":"wp","href":"https:\/\/api.w.org\/{rel}","templated":true}]}}